{"id":647,"date":"2021-12-21T16:02:43","date_gmt":"2021-12-21T16:02:43","guid":{"rendered":"http:\/\/www.codacons.emiliaromagna.it\/?page_id=647"},"modified":"2021-12-21T16:07:53","modified_gmt":"2021-12-21T16:07:53","slug":"privacy-policy","status":"publish","type":"page","link":"https:\/\/codacons.emiliaromagna.it\/?page_id=647","title":{"rendered":"Privacy Policy"},"content":{"rendered":"<p><![CDATA[\n\n<h2]]>\n<h3><a class=\"post-title\" title=\"Permanent Link to PRIVACY POLICY\" href=\"https:\/\/codacons.it\/privacy-policy\/\" rel=\"bookmark noopener\" target=\"_blank\"> PRIVACY POLICY <\/a><\/h3>\n<article>\n<p class=\"right pdf\">\n<p align=\"CENTER\"><strong>(Informativa sul trattamento dei dati personali ai sensi dell\u2019art. 13 del Regolamento UE 2016\/679)<\/strong><\/p>\n<p align=\"JUSTIFY\">Il CODACONS, con sede in Roma, Viale G. Mazzini 73, in qualit\u00e0 di Titolare del trattamento ai sensi del Regolamento UE 2016\/679 (d\u2019ora in avanti: GDPR) e del D. Lgs. 196\/2003, La invita, prima di comunicare qualsiasi dato personale, a leggere con attenzione la presente Privacy Policy perch\u00e9 contiene informazioni importanti sulla tutela dei Suoi dati personali.<\/p>\n<p align=\"JUSTIFY\">Ai sensi dell\u2019art. 13 del Regolamento UE n. 2016\/679 e del D. Lgs. 196\/2003, recante disposizioni a tutela delle persone e di altri soggetti rispetto al trattamento dei dati personali, desideriamo informarLa che i dati personali da Lei forniti formeranno oggetto di trattamento nel rispetto della normativa sopra richiamata e degli obblighi di riservatezza<\/p>\n<p align=\"JUSTIFY\">Il trattamento dei Suoi dati personali sar\u00e0 improntato ai principi di correttezza, liceit\u00e0, trasparenza, limitazione delle finalit\u00e0 e della conservazione, minimizzazione ed esattezza, integrit\u00e0 e riservatezza, nonch\u00e9 al principio di responsabilizzazione di cui all\u2019art. 5 del Regolamento.<\/p>\n<p align=\"JUSTIFY\">La informiamo che i dati personali oggetto di trattamento potranno essere costituiti da un identificativo come il nome, un numero di identificazione, dati relativi all\u2019ubicazione, a un identificativo online o a uno o piu\u0300 elementi caratteristici della Sua identita\u0300 fisica, economica, culturale o sociale idonea a rendere l\u2019interessato identificato o identificabile, a seconda del tipo di servizi richiesti.<\/p>\n<p><strong>Dati di navigazione<\/strong><\/p>\n<p align=\"JUSTIFY\">I sistemi informatici e le procedure software preposte al funzionamento del Sito www.codacons.emiliaromagna.it acquisiscono, nel corso del loro esercizio, alcuni dati personali la cui trasmissione \u00e8 implicita nell\u2019uso dei protocolli di comunicazione di Internet. Si tratta di informazioni che non sono raccolte per essere associate a interessati identificati, ma che per loro stessa natura potrebbero, attraverso elaborazioni ed associazioni con dati detenuti da terzi, permettere di identificare gli utenti. Questi dati vengono utilizzati solo per ricavare informazioni statistiche anonime sull\u2019uso del Sito, per controllarne il corretto funzionamento, per identificare anomalie e\/o abusi, e vengono cancellati immediatamente dopo l\u2019elaborazione. I dati potrebbero essere utilizzati per l\u2019accertamento di responsabilit\u00e0 in caso di ipotetici reati informatici ai danni del Sito o di terzi.<\/p>\n<p align=\"JUSTIFY\"><strong>Dati forniti volontariamente dall\u2019utente<\/strong><\/p>\n<p align=\"JUSTIFY\">L\u2019invio facoltativo, esplicito e volontario di posta elettronica agli indirizzi indicati su questo sito comporta la successiva acquisizione dell\u2019indirizzo del mittente, necessario per rispondere alle richieste, nonch\u00e9 degli eventuali altri dati personali inseriti nella missiva.<\/p>\n<p align=\"JUSTIFY\">Specifiche informative di sintesi verranno progressivamente riportate o visualizzate nelle pagine del sito predisposte per particolari servizi a richiesta.<\/p>\n<p align=\"JUSTIFY\"><strong>Cookies<\/strong><\/p>\n<p align=\"JUSTIFY\">Nessun dato personale degli utenti viene in proposito acquisito dal sito.<\/p>\n<p align=\"JUSTIFY\">Non viene fatto uso di cookies per la trasmissione di informazioni di carattere personale, n\u00e9 vengono utilizzati c.d. cookies persistenti di alcun tipo, ovvero sistemi per il tracciamento degli utenti.<\/p>\n<p align=\"JUSTIFY\">L\u2019uso di c.d. cookies di sessione (che non vengono memorizzati in modo persistente sul computer dell\u2019utente e svaniscono con la chiusura del browser) \u00e8 strettamente limitato alla trasmissione di identificativi di sessione (costituiti da numeri casuali generati dal server) necessari per consentire l\u2019esplorazione sicura ed efficiente del sito.<\/p>\n<p><strong>Facoltativit\u00e0 del conferimento dei dati<\/strong><\/p>\n<p>A parte quanto specificato per i dati di navigazione, l\u2019utente \u00e8 libero di fornire i dati personali riportati nei moduli di richiesta al Codacons o comunque indicati in <strong>contatti <\/strong>per sollecitare l\u2019invio della newsletter, di materiale informativo o di altre comunicazioni.<\/p>\n<p>Il loro mancato conferimento pu\u00f2 comportare l\u2019impossibilit\u00e0 di ottenere quanto richiesto.<\/p>\n<p><strong>Finalit\u00e0 del trattamento<\/strong><\/p>\n<p>I dati personali (nome, cognome, luogo e data di nascita, codice fiscale, estremi del documento di riconoscimento e dati di contatto) <u>forniti al momento della richiesta di adesione all\u2019Associazione<\/u> sono obbligatori, senza i quali non \u00e8 possibile procedere all\u2019iscrizione, sono oggetto di trattamento per le finalit\u00e0 istituzionali e statutarie del Codacons nonch\u00e9 per adempiere agli obblighi legali, amministrativi e fiscali.<\/p>\n<p><strong>Modalit\u00e0 e durata del trattamento<\/strong><\/p>\n<p>I dati personali sono trattati con strumenti manuali e\/o informatici e telematici per il tempo strettamente necessario a conseguire gli scopi per cui sono stati raccolti.<\/p>\n<p>Specifiche misure di sicurezza sono osservate per prevenire la perdita dei dati, usi illeciti o non corretti ed accessi non autorizzati.<\/p>\n<p>I dati personali vengono conservati per il tempo strettamente necessario a raggiungere le finalit\u00e0 per le quali sono stati comunicati (ad es. iscrizione, adesione azioni collettive, richiesta informazioni) e per adempiere ad obblighi di legge, per tutta la durata del rapporto associativo e, nel caso di revoca e\/o altro tipo di cessazione del rapporto, nei termini previsti dall\u2019art. 2220 c.c. (conservazione scritture contabili) al massimo dieci anni.<\/p>\n<p><strong>Diritti degli interessati<\/strong><\/p>\n<p>Ai sensi degli artt. 15 e ss. del Regolamento, Lei ha il diritto di chiedere a CODACONS, in qualunque momento, l\u2019accesso ai Suoi dati personali, la rettifica o la cancellazione degli stessi, o di opporsi al loro trattamento ai sensi dell\u2019art. 21 del Regolamento. Lei ha, altres\u00ec, diritto di richiedere la limitazione del trattamento nei casi previsti dall\u2019art. 18 del Regolamento, nonch\u00e9 di ottenere in un formato strutturato, di uso comune e leggibile da dispositivo automatico i dati che la riguardano, nei casi previsti dall\u2019art. 20 del Regolamento.<\/p>\n<p>Le richieste vanno rivolte per iscritto al Codacons, quale Titolare del trattamento, all\u2019indirizzo <a class=\"mailto-link\" href=\"mailto:ufficiolegale@codacons.org\" target=\"_blank\" rel=\"noopener\">ufficiolegale@codacons.org<\/a> oppure via fax 06.3701709 ovvero tramite posta all\u2019indirizzo Viale Giuseppe Mazzini n. 73, 00195 Roma. Responsabile del trattamento per quanto riguarda gli adempimenti previsti dall\u2019art. 2 e dall\u2019art.137 del codice del consumo \u00e8 TER.MIL.CONS, con sede in Roma, Viale G. Mazzini n.73 (promozione e allo sviluppo dell\u2019associazionismo libero, volontario e democratico tra i consumatori e gli utenti).<\/p>\n<p>In ogni caso Lei ha sempre diritto di proporre reclamo all\u2019autorit\u00e0 di controllo competente (Garante per la protezione dei dati personali, <a href=\"http:\/\/www.garanteprivacy.it\" target=\"_blank\" rel=\"noopener\">www.garanteprivacy.it<\/a>), qualora ritenga che il trattamento dei Suoi dati sia contrario alla normativa in vigore.<\/p>\n<\/article>\n","protected":false},"excerpt":{"rendered":"<p>\t\t\t\t<![CDATA[]]>\t\t<\/p>\n","protected":false},"author":1,"featured_media":1071,"parent":0,"menu_order":0,"comment_status":"closed","ping_status":"closed","template":"","meta":[],"_links":{"self":[{"href":"https:\/\/codacons.emiliaromagna.it\/index.php?rest_route=\/wp\/v2\/pages\/647"}],"collection":[{"href":"https:\/\/codacons.emiliaromagna.it\/index.php?rest_route=\/wp\/v2\/pages"}],"about":[{"href":"https:\/\/codacons.emiliaromagna.it\/index.php?rest_route=\/wp\/v2\/types\/page"}],"author":[{"embeddable":true,"href":"https:\/\/codacons.emiliaromagna.it\/index.php?rest_route=\/wp\/v2\/users\/1"}],"replies":[{"embeddable":true,"href":"https:\/\/codacons.emiliaromagna.it\/index.php?rest_route=%2Fwp%2Fv2%2Fcomments&post=647"}],"version-history":[{"count":2,"href":"https:\/\/codacons.emiliaromagna.it\/index.php?rest_route=\/wp\/v2\/pages\/647\/revisions"}],"predecessor-version":[{"id":1462,"href":"https:\/\/codacons.emiliaromagna.it\/index.php?rest_route=\/wp\/v2\/pages\/647\/revisions\/1462"}],"wp:featuredmedia":[{"embeddable":true,"href":"https:\/\/codacons.emiliaromagna.it\/index.php?rest_route=\/wp\/v2\/media\/1071"}],"wp:attachment":[{"href":"https:\/\/codacons.emiliaromagna.it\/index.php?rest_route=%2Fwp%2Fv2%2Fmedia&parent=647"}],"curies":[{"name":"wp","href":"https:\/\/api.w.org\/{rel}","templated":true}]}}