{"id":1765,"date":"2023-07-31T13:28:18","date_gmt":"2023-07-31T13:28:18","guid":{"rendered":"https:\/\/codacons.emiliaromagna.it\/?page_id=1765"},"modified":"2023-08-02T15:49:57","modified_gmt":"2023-08-02T15:49:57","slug":"vicenda-quigroup","status":"publish","type":"page","link":"https:\/\/codacons.emiliaromagna.it\/?page_id=1765","title":{"rendered":"Vicenda QuiGroup"},"content":{"rendered":"<h3><a class=\"post-title\" title=\"Permanent Link to QUI! GROUP, INIZIA A BREVE IL PROCEDIMENTO PENALE: COSTITUISCITI PARTE CIVILE CON IL CODACONS\" href=\"https:\/\/codacons.it\/qui-group-penale\/\" rel=\"bookmark noopener\" target=\"_blank\"> QUI! GROUP, INIZIA A BREVE IL PROCEDIMENTO PENALE: COSTITUISCITI PARTE CIVILE CON IL CODACONS <\/a><\/h3>\n<article>Hai subito un danno finanziario patrimoniale legato alla societ\u00e0 <strong>Qui! Group<\/strong>? Hai ora la possibilit\u00e0 di costituirti parte civile tramite l\u2019assistenza dei legali del Codacons, per recupare il danno subito.<\/p>\n<h5><strong>I FATTI<\/strong><\/h5>\n<p>La maxi inchiesta sul <a href=\"https:\/\/www.ansa.it\/liguria\/notizie\/2023\/05\/16\/chiesto-processo-per-30-per-il-fallimento-quigroup_e73692b1-8fb3-4c49-9997-07a5a0b59197.html\" target=\"_blank\" rel=\"noopener\">fallimento di <strong>Qui! Group<\/strong><\/a>, la societ\u00e0 fornitrice di buoni pasto si \u00e8 conclusa con una richiesta di rinvio a giudizio, presentata dalla pm Patrizia Petruzziello e dal procuratore aggiunto Francesco Pinto, a carico di trenta persone, tra cui il fondatore della societ\u00e0 Gregorio Fogliani.<\/p>\n<p>Nelle circa 800 pagine contenute nella richiesta di rinvio a giudizio, ai trenta indagati vengono contestati ben 219 reati, tra cui bancarotta fraudolenta, riciclaggio, truffa aggravata, autoriciclaggio e falso in bilancio. Sono circa trenta le societ\u00e0 coinvolte, di cui quindici fallite, la maggior parte genovesi. Oltre che per il fondatore di <strong>Qui! Group<\/strong> il processo \u00e8 stato chiesto per amministratori, sindaci e revisori contabili delle trenta societ\u00e0.<\/p>\n<p>Le indagini erano partite nel 2019, quando la procura aveva chiesto il fallimento della societ\u00e0. Quello che partir\u00e0 nei prossimi mesi sar\u00e0 il pi\u00f9 grosso processo per bancarotta fraudolenta mai tenuto nel tribunale di Genova.<\/p>\n<h5><strong>LA NOSTRA AZIONE<\/strong><\/h5>\n<p>Tutti coloro che hanno bisogno di assistenza e\/o consulenza (quali privati in proprio o quali titolari di ditte individuali o di piccole societ\u00e0 che si siano o meno inserite nella procedura fallimentare) potranno farlo iscrivendosi al Codacons e aderendo all\u2019azione penale al fine di ottenere il risarcimento del danno subito da parte dei numerosi imputati \u2013 se condannati \u2013 al termine del processo penale.<\/p>\n<p>A tal proposito si ricorda che a suo tempo la Procura ha proceduto al sequestro preventivo su conti, immobili e disponibilit\u00e0 finanziarie per 80 milioni di euro su cui ci si potr\u00e0 rivalere.<\/p>\n<p>Il Codacons, se vorrai, ti assister\u00e0 nella costituzione in giudizio (che, stante la recente Riforma Cartabia, <u>dovr\u00e0 necessariamente avvenire in occasione della prima udienza prevista il 6 ottobre 2023<\/u> dinnanzi al Giudice dell\u2019udienza preliminare di Genova) ai costi che ti verranno indicati.<\/p>\n<p>Anche il Codacons si costituir\u00e0 a sua volta parte civile in proprio come Associazione di consumatori, essendo gi\u00e0 stata individuata dalla Procura come persona offesa nel procedimento penale.<\/p>\n<p>Per potersi costituire parte civile occorre produrre la documentazione da cui deriva il credito vantato nei confronti di Qui Group per ottenere, sempre a seguito di eventuale condanna degli imputati, oltre al risarcimento del danno patrimoniale una ulteriore somma a titolo di danno morale da reato.<\/p>\n<p><strong>Per manifestare il tuo interesse all\u2019azione e ricevere maggiori informazioni per l\u2019adesione in giudizio quale parte civile compila il seguente modulo<\/strong><\/p>\n<\/article>\n[contact-form-7 404 \"Non trovato\"]\n","protected":false},"excerpt":{"rendered":"<p>QUI! GROUP, INIZIA A BREVE IL PROCEDIMENTO PENALE: COSTITUISCITI PARTE CIVILE CON IL CODACONS Hai subito un danno finanziario patrimoniale legato alla societ\u00e0 Qui! Group? Hai ora la possibilit\u00e0 di costituirti parte civile tramite l\u2019assistenza dei legali del Codacons, per recupare il danno subito. I FATTI La maxi inchiesta sul fallimento di Qui! Group, la [&hellip;]<\/p>\n","protected":false},"author":4,"featured_media":1071,"parent":0,"menu_order":0,"comment_status":"closed","ping_status":"closed","template":"","meta":[],"_links":{"self":[{"href":"https:\/\/codacons.emiliaromagna.it\/index.php?rest_route=\/wp\/v2\/pages\/1765"}],"collection":[{"href":"https:\/\/codacons.emiliaromagna.it\/index.php?rest_route=\/wp\/v2\/pages"}],"about":[{"href":"https:\/\/codacons.emiliaromagna.it\/index.php?rest_route=\/wp\/v2\/types\/page"}],"author":[{"embeddable":true,"href":"https:\/\/codacons.emiliaromagna.it\/index.php?rest_route=\/wp\/v2\/users\/4"}],"replies":[{"embeddable":true,"href":"https:\/\/codacons.emiliaromagna.it\/index.php?rest_route=%2Fwp%2Fv2%2Fcomments&post=1765"}],"version-history":[{"count":4,"href":"https:\/\/codacons.emiliaromagna.it\/index.php?rest_route=\/wp\/v2\/pages\/1765\/revisions"}],"predecessor-version":[{"id":1771,"href":"https:\/\/codacons.emiliaromagna.it\/index.php?rest_route=\/wp\/v2\/pages\/1765\/revisions\/1771"}],"wp:featuredmedia":[{"embeddable":true,"href":"https:\/\/codacons.emiliaromagna.it\/index.php?rest_route=\/wp\/v2\/media\/1071"}],"wp:attachment":[{"href":"https:\/\/codacons.emiliaromagna.it\/index.php?rest_route=%2Fwp%2Fv2%2Fmedia&parent=1765"}],"curies":[{"name":"wp","href":"https:\/\/api.w.org\/{rel}","templated":true}]}}