{"id":1377,"date":"2021-11-18T11:22:24","date_gmt":"2021-11-18T11:22:24","guid":{"rendered":"https:\/\/codacons.emiliaromagna.it\/?page_id=1377"},"modified":"2026-02-04T12:40:51","modified_gmt":"2026-02-04T12:40:51","slug":"come-sostenerci","status":"publish","type":"page","link":"https:\/\/codacons.emiliaromagna.it\/?page_id=1377","title":{"rendered":"Come sostenerci"},"content":{"rendered":"<div><b><u>L' iscrizione:\u00a0<\/u><\/b><\/div>\n<div><\/div>\n<div>ha validit\u00e0 un anno solare per l'associato ed il suo nucleo familiare, una volta iscritto segue una consulenza legale gratuita\u00a0 <span style=\"color: #ff0000;\"><b>(solo la prima consulenza \u00e8 gratuita).<\/b><\/span><\/div>\n<div>L'Associato potr\u00e0 beneficiare tutte le volte che avr\u00e0 un problema, di essere ricevuto\/a gratuitamente da un componente del Collegio Legale CODACONS, e ricevere tutti i consigli, le analisi e le indicazioni necessarie alla soluzione del caso.<\/div>\n<div><\/div>\n<div><\/div>\n<p>&nbsp;<\/p>\n<div><b><u>Le Tariffe:<\/u><\/b><\/div>\n<div><\/div>\n<div>- la quota associativa \u00e8 di euro <b>30,00<\/b> per problematiche legate a:<\/div>\n<div><\/div>\n<div>\u00a0-\u00a0<b>Settore energetico:\u00a0<\/b>Informazione, assistenza legale, verifiche e conciliazioni per bollette luce, acqua gas<\/div>\n<div><b>\u00a0- Telecomunicazioni:\u00a0<\/b>informazione, assistenza legale, verifiche e conciliazioni sui contratti di telefonia fissa, mobile ed internet.<\/div>\n<div><\/div>\n<div>- Per le altre problematiche la quota associativa invece \u00e8 di\u00a0 euro<b> 50,00<\/b> ad esempio:<\/div>\n<div><\/div>\n<div><b>- Acquisto beni strumentali, mobili, immobili:\u00a0\u00a0<\/b>informazione ed assistenza legale sul diritto di recesso, perizie sui beni mobili ed immobili.<\/div>\n<div><b>\u00a0- Assicurazioni: <\/b>consulenza ed assistenza legale sulle polizze\u00a0 assicurative.<\/div>\n<div><b>-\u00a0 Banche: <\/b>rinegoziazione e portabilit\u00e0 dei mutui, analisi su conti correnti e prestiti per verificare\u00a0 sussistenza di usura - anatocismo, assistenza legale per azioni collettive per rimborso azioni ed obbligazioni.<\/div>\n<div>-\u00a0 <b>Sanzioni amministrative: <\/b>ricorsi al Giudice di Pace o al Prefetto<\/div>\n<div><b>\u00a0 - Enti pubblici: <\/b>assistenza sul contenzioso con gli enti pubblici, assistenza tecnico - legale.<\/div>\n<div><b>\u00a0- Sanit\u00e0: <\/b>informazioni ed\u00a0<b>\u00a0<\/b>assistenza medico\u00a0 - legale su casi di malasanit\u00e0.<\/div>\n<div><b>\u00a0 - Truffe e raggiri: <\/b>informazione di assistenza legale su prelievi fraudolenti su\u00a0carte di pagamento ( di credito, di debito, bancomat).<\/div>\n<div><b>\u00a0-\u00a0 Viaggi - turismo - vacanze: <\/b>informazione ed assistenza legale sui diritti del viaggiatore, sugli indennizzi e sul danno da vacanza rovinata.<\/div>\n<div><\/div>\n<div><\/div>\n<div>\n<p>\u00a0I dati di intestazione del versamento sono:<\/p>\n<p>CODACONS EMILIA ROMAGNA<\/p>\n<p>Via Emilia Ponente, 86\u00a0 -\u00a0 cap 40133\u00a0 -\u00a0 Bologna<\/p>\n<p>- tramite bonifico: IBAN IT26E0760102400001016107177<\/p>\n<p>- tramite Bollettino Postale C\/C 1016107177<\/p>\n<p>Oppure:<\/p>\n<p>PAGA LA QUOTA ASSOCIATIVA CLICCANDO IL PULSANTE QUI SOTTO<\/p>\n<form action=\"https:\/\/www.paypal.com\/cgi-bin\/webscr\" method=\"post\" target=\"_top\"><input name=\"cmd\" type=\"hidden\" value=\"_s-xclick\" \/><br \/>\n<input name=\"hosted_button_id\" type=\"hidden\" value=\"GUQ4CBC9A2DLQ\" \/><\/p>\n<table>\n<tbody>\n<tr>\n<td><input name=\"on0\" type=\"hidden\" value=\"Quota\" \/><br \/>\nQuota<\/td>\n<\/tr>\n<tr>\n<td>\n<select name=\"os0\"><option value=\"Settore Energetico, Telecomunicazioni\">Settore Energetico, Telecomunicazioni 30,00 \u20ac EUR<\/option><\/select><\/p>\n<p><select name=\"os0\"><option value=\"Altri Settori\">Altri Settori 50,00 \u20ac EUR<\/option><\/select><\/p>\n<p><select name=\"os0\"><option value=\"Rinnovo Tessera\">Rinnovo Tessera 40,00 \u20ac EUR<\/option><\/select><\/p>\n<p><select name=\"os0\"><option value=\"Sovraindebitato\">Sovraindebitato 100,00 \u20ac EUR<\/option><\/select><\/p>\n<p><select name=\"os0\"><option value=\"Quota Associativa Pluriennale (4 anni)\">Quota Associativa Pluriennale (4 anni) 200,00 \u20ac EUR<\/option><\/select><\/td>\n<\/tr>\n<\/tbody>\n<\/table>\n<p><input name=\"currency_code\" type=\"hidden\" value=\"EUR\" \/><br \/>\n<input title=\"PayPal, il metodo semplice e sicuro per pagare online\" alt=\"Acquista ora\" name=\"submit\" src=\"https:\/\/www.paypalobjects.com\/it_IT\/i\/btn\/btn_buynowCC_LG.gif\" type=\"image\" \/><\/p>\n<\/form>\n<p><span style=\"color: #ff0000;\"><strong>Il cliente dovr\u00e0 inviarci oltre al modulo di iscrizione e privacy <a style=\"color: #ff0000;\" href=\"http:\/\/codacons.emiliaromagna.it\/wp-content\/uploads\/2022\/01\/Modulo-iscrizione-Codacons-ER-agg.-03_2019.pdf\">cliccando qui<\/a>\u00a0 la relativa copia di documenti d'identit\u00e0 validi e la prova dell'avvenuto pagamento.<\/strong><\/span><\/p>\n<p>Al ricevimento della suddetta documentazione\u00a0 invieremo\u00a0 il contatto del Legale del nostro Collegio specializzato nell'ambito della\u00a0 problematica che il cliente\u00a0 potr\u00e0 subito contattare per ricevere la consulenza gratuita di cui avr\u00e0 acquisito il diritto.<\/p>\n<\/div>\n<p><!--more--><\/p>\n<p><!--more--><\/p>\n<p><!--more--><\/p>\n","protected":false},"excerpt":{"rendered":"<p>L' iscrizione:\u00a0 ha validit\u00e0 un anno solare per l'associato ed il suo nucleo familiare, una volta iscritto segue una consulenza legale gratuita\u00a0 (solo la prima consulenza \u00e8 gratuita). L'Associato potr\u00e0 beneficiare tutte le volte che avr\u00e0 un problema, di essere ricevuto\/a gratuitamente da un componente del Collegio Legale CODACONS, e ricevere tutti i consigli, le [&hellip;]<\/p>\n","protected":false},"author":4,"featured_media":1071,"parent":0,"menu_order":0,"comment_status":"closed","ping_status":"closed","template":"","meta":[],"_links":{"self":[{"href":"https:\/\/codacons.emiliaromagna.it\/index.php?rest_route=\/wp\/v2\/pages\/1377"}],"collection":[{"href":"https:\/\/codacons.emiliaromagna.it\/index.php?rest_route=\/wp\/v2\/pages"}],"about":[{"href":"https:\/\/codacons.emiliaromagna.it\/index.php?rest_route=\/wp\/v2\/types\/page"}],"author":[{"embeddable":true,"href":"https:\/\/codacons.emiliaromagna.it\/index.php?rest_route=\/wp\/v2\/users\/4"}],"replies":[{"embeddable":true,"href":"https:\/\/codacons.emiliaromagna.it\/index.php?rest_route=%2Fwp%2Fv2%2Fcomments&post=1377"}],"version-history":[{"count":11,"href":"https:\/\/codacons.emiliaromagna.it\/index.php?rest_route=\/wp\/v2\/pages\/1377\/revisions"}],"predecessor-version":[{"id":2189,"href":"https:\/\/codacons.emiliaromagna.it\/index.php?rest_route=\/wp\/v2\/pages\/1377\/revisions\/2189"}],"wp:featuredmedia":[{"embeddable":true,"href":"https:\/\/codacons.emiliaromagna.it\/index.php?rest_route=\/wp\/v2\/media\/1071"}],"wp:attachment":[{"href":"https:\/\/codacons.emiliaromagna.it\/index.php?rest_route=%2Fwp%2Fv2%2Fmedia&parent=1377"}],"curies":[{"name":"wp","href":"https:\/\/api.w.org\/{rel}","templated":true}]}}